{"id":111530,"date":"2024-04-18T12:18:30","date_gmt":"2024-04-18T10:18:30","guid":{"rendered":"https:\/\/superagenci.com.pl\/?page_id=111530"},"modified":"2024-08-06T11:34:09","modified_gmt":"2024-08-06T09:34:09","slug":"pakiety-zdrowotne","status":"publish","type":"page","link":"https:\/\/superagenci.com.pl\/uk\/pakiety-zdrowotne\/","title":{"rendered":"Pakiety zdrowotne"},"content":{"rendered":"<p>Pakiety te zyskuj\u0105 na znaczeniu w obliczu dynamicznie zmieniaj\u0105cych si\u0119 potrzeb zdrowotnych spo\u0142ecze\u0144stwa. Prywatna opieka medyczna zapewnia dost\u0119p do lekarzy r\u00f3\u017cnych specjalno\u015bci. Stanowi ona alternatyw\u0119 dla publicznej s\u0142u\u017cby zdrowia, umo\u017cliwiaj\u0105c indywidualne dostosowanie zakresu opieki do osobistych potrzeb i oczekiwa\u0144 pacjent\u00f3w. Pakiety tego typu mog\u0105 by\u0107 wykupione zar\u00f3wno przez firmy, kt\u00f3re oferuj\u0105 je jako benefit dla pracownik\u00f3w, jak i indywidualnie.<\/p>\n<h2 class=\"western\">Czym jest prywatna opieka medyczna?<\/h2>\n<p>Prywatna opieka medyczna obejmuje us\u0142ugi zdrowotne oferowane przez podmioty niepubliczne. Charakteryzuje si\u0119 ona \u015bwiadczeniem opieki zdrowotnej na zasadzie um\u00f3w abonamentowych, kt\u00f3re zapewniaj\u0105 pacjentom dost\u0119p do okre\u015blonych us\u0142ug medycznych w zamian za comiesi\u0119czn\u0105 sk\u0142adk\u0119. Koszt sk\u0142adki zale\u017cy od zakresu wybranego abonamentu oraz od innych czynnik\u00f3w, takich jak wiek czy stan zdrowia pacjenta. G\u0142\u00f3wn\u0105 ide\u0105 stoj\u0105c\u0105 za prywatn\u0105 opiek\u0105 medyczn\u0105 jest zapewnienie dost\u0119pu do szerokiego spektrum \u015bwiadcze\u0144 zdrowotnych, kt\u00f3re mog\u0105 obejmowa\u0107 wizyty u specjalist\u00f3w, diagnostyk\u0119, zabiegi, profilaktyk\u0119, a tak\u017ce dodatkowe us\u0142ugi, takie jak porady dietetyczne czy psychologiczne.<\/p>\n<p>Nale\u017cy r\u00f3wnie\u017c zaznaczy\u0107, \u017ce dost\u0119pne s\u0105 r\u00f3\u017cne pakiety. Najcz\u0119\u015bciej zawierane s\u0105 one na rok, po tym czasie mo\u017cna je przed\u0142u\u017cy\u0107 lub zmieni\u0107 w zale\u017cno\u015bci od indywidualnych potrzeb. Istniej\u0105 r\u00f3wnie\u017c warianty rodzinne obejmuj\u0105ce np. 2, 3 osoby. Pakiety prywatnej opieki zdrowotnej maj\u0105 r\u00f3wnie\u017c ustalon\u0105 liczb\u0119 dost\u0119pnych w ci\u0105gu roku wizyt stacjonarnych, teleporad, rehabilitacji i innych bada\u0144 b\u0105d\u017a diagnostyki zale\u017cnie od wybranego abonamentu.<\/p>\n<h2 class=\"western\">Co zapewnia prywatna opieka medyczna?<\/h2>\n<p>Pakiety tego typu mog\u0105 mie\u0107 r\u00f3\u017cne zakresy, kt\u00f3re mo\u017cna dostosowa\u0107 do w\u0142asnych potrzeb. Prywatna opieka medyczna zapewnia dost\u0119p do m.in. diagnostyki, leczenia, prowadzenia ci\u0105\u017cy, zabieg\u00f3w, rehabilitacji i innych. Plac\u00f3wki \u015bwiadcz\u0105ce te us\u0142ugi zwykle wyr\u00f3\u017cniaj\u0105 si\u0119 wysokim standardem obs\u0142ugi oraz odpowiednim wyposa\u017ceniem technicznym umo\u017cliwiaj\u0105cym przeprowadzeniem r\u00f3\u017cnorodnych bada\u0144 z zakresu kardiologii, stomatologii, okulistyki i innych.<\/p>\n<p>Prywatna opieka medyczna zapewnia r\u00f3wnie\u017c:<\/p>\n<ul>\n<li>Dost\u0119p do lekarzy w kr\u00f3tkich terminach \u2013 pakiety maj\u0105 na celu zapewnienie szybszego dost\u0119pu do wymaganych wizyt, a tak\u017ce mo\u017cliwo\u015bci konsultacji ze specjalistami zajmuj\u0105cymi si\u0119 w\u0105sk\u0105 specjalizacj\u0105.<\/li>\n<li>R\u00f3\u017cnorodno\u015b\u0107 dost\u0119pnych us\u0142ug \u2013 abonamenty oferuj\u0105 dost\u0119p do szerokiej gamy us\u0142ug zdrowotnych, co umo\u017cliwia leczenie\u00a0w jednym miejscu. Pakiety te mog\u0105 zawiera\u0107 zar\u00f3wno podstawow\u0105 opiek\u0119, jak i specjalistyczne konsultacje, badania diagnostyczne oraz procedury medyczne, kt\u00f3re s\u0105 dostosowane do indywidualnych potrzeb pacjent\u00f3w.<\/li>\n<li>Brak kolejek w plac\u00f3wkach \u2013 minimalizuje si\u0119 czas oczekiwania na \u015bwiadczenia zdrowotne, co pozwala na podj\u0119cie szybszych krok\u00f3w w celu rozpoznania i leczenia, wi\u0105\u017ce si\u0119 to r\u00f3wnie\u017c bezpo\u015brednio z oszcz\u0119dno\u015bci\u0105 czasu.<\/li>\n<li>Wizyty bez skierowania \u2013 do lekarzy specjalist\u00f3w, mo\u017cna si\u0119 cz\u0119sto zapisa\u0107 bez wystawionego uprzednio skierowania od lekarza rodzinnego.<\/li>\n<\/ul>\n<p>Dodatkowo prywatne centra medyczne cz\u0119sto k\u0142ad\u0105 du\u017cy nacisk na komfort pacjenta podczas wizyty. Przyk\u0142ady takich pozamedycznych udogodnie\u0144 mog\u0105 obejmowa\u0107 bardziej komfortowe warunki pobytu, kr\u00f3tszy czas oczekiwania na wizyt\u0119 oraz bardziej elastyczne godziny przyj\u0119\u0107, dostosowane do potrzeb pacjent\u00f3w.<\/p>\n<h2 class=\"western\">Dost\u0119p do plac\u00f3wek medycznych i dodatkowe us\u0142ugi w ramach prywatnej opieki zdrowotnej<\/h2>\n<p>Pakiety te najcz\u0119\u015bciej skonstruowane s\u0105 w taki spos\u00f3b, aby osoby z nich korzystaj\u0105ce mog\u0142yby um\u00f3wi\u0107 si\u0119 na wizyt\u0119 w r\u00f3\u017cnych plac\u00f3wkach zar\u00f3wno w\u0142asnych nale\u017c\u0105cych do danego podmiotu oferuj\u0105cego abonament, jak i partnerskich w r\u00f3\u017cnych miastach w zale\u017cno\u015bci od potrzeb.<\/p>\n<p>Prywatna opieka medyczna cz\u0119sto wzbogacana jest o dodatkowe us\u0142ugi, kt\u00f3re maj\u0105 na celu zapewnienie wszechstronnego leczenia i wsparcia dla pacjent\u00f3w. W ramach abonamentu\u00a0mo\u017cna mie\u0107 dost\u0119p do m.in. teleporad, aplikacji mobilnych u\u0142atwiaj\u0105cych zarz\u0105dzanie w\u0142asnym zdrowiem, czy zdrowotnych czat\u00f3w online, a tak\u017ce wsparcia psychologicznego czy porad dietetycznych. Takie rozszerzone us\u0142ugi s\u0105 szczeg\u00f3lnie cenne w kontek\u015bcie dba\u0142o\u015bci o zdrowie na co dzie\u0144 oraz profilaktyki zdrowotnej.<\/p>","protected":false},"excerpt":{"rendered":"<p>Pakiety te zyskuj\u0105 na znaczeniu w obliczu dynamicznie zmieniaj\u0105cych si\u0119 potrzeb zdrowotnych spo\u0142ecze\u0144stwa. Prywatna opieka medyczna zapewnia dost\u0119p do lekarzy [&hellip;]<\/p>","protected":false},"author":3,"featured_media":0,"parent":0,"menu_order":0,"comment_status":"closed","ping_status":"closed","template":"","meta":{"footnotes":""},"class_list":["post-111530","page","type-page","status-publish","hentry"],"yoast_head":"<!-- This site is optimized with the Yoast SEO plugin v23.2 - https:\/\/yoast.com\/wordpress\/plugins\/seo\/ -->\n<title>Pakiety zdrowotne - Opole - SuperAgenci<\/title>\n<meta name=\"description\" content=\"W\u015br\u00f3d oferty jak\u0105 zapewniamy naszym klientom znajduje si\u0119 mi\u0119dzy ubezpieczenie komunikacyjne. Zapewniamy atrakcyjne warunki wsp\u00f3\u0142pracy.\" \/>\n<meta name=\"robots\" content=\"index, follow, max-snippet:-1, max-image-preview:large, max-video-preview:-1\" \/>\n<link rel=\"canonical\" href=\"https:\/\/superagenci.com.pl\/uk\/pakiety-zdrowotne\/\" \/>\n<meta property=\"og:locale\" content=\"uk_UA\" \/>\n<meta property=\"og:type\" content=\"article\" \/>\n<meta property=\"og:title\" content=\"Pakiety zdrowotne - Opole - SuperAgenci\" \/>\n<meta property=\"og:description\" content=\"W\u015br\u00f3d oferty jak\u0105 zapewniamy naszym klientom znajduje si\u0119 mi\u0119dzy ubezpieczenie komunikacyjne. Zapewniamy atrakcyjne warunki wsp\u00f3\u0142pracy.\" \/>\n<meta property=\"og:url\" content=\"https:\/\/superagenci.com.pl\/uk\/pakiety-zdrowotne\/\" \/>\n<meta property=\"og:site_name\" content=\"SuperAgenci\" \/>\n<meta property=\"article:publisher\" content=\"https:\/\/www.facebook.com\/com.opole\" \/>\n<meta property=\"article:modified_time\" content=\"2024-08-06T09:34:09+00:00\" \/>\n<meta name=\"twitter:card\" content=\"summary_large_image\" \/>\n<meta name=\"twitter:label1\" content=\"\u041f\u0440\u0438\u0431\u043b. \u0447\u0430\u0441 \u0447\u0438\u0442\u0430\u043d\u043d\u044f\" \/>\n\t<meta name=\"twitter:data1\" content=\"4 \u0445\u0432\u0438\u043b\u0438\u043d\u0438\" \/>\n<script type=\"application\/ld+json\" class=\"yoast-schema-graph\">{\"@context\":\"https:\/\/schema.org\",\"@graph\":[{\"@type\":\"WebPage\",\"@id\":\"https:\/\/superagenci.com.pl\/pakiety-zdrowotne\/\",\"url\":\"https:\/\/superagenci.com.pl\/pakiety-zdrowotne\/\",\"name\":\"Pakiety zdrowotne - Opole - SuperAgenci\",\"isPartOf\":{\"@id\":\"https:\/\/superagenci.com.pl\/#website\"},\"datePublished\":\"2024-04-18T10:18:30+00:00\",\"dateModified\":\"2024-08-06T09:34:09+00:00\",\"description\":\"W\u015br\u00f3d oferty jak\u0105 zapewniamy naszym klientom znajduje si\u0119 mi\u0119dzy ubezpieczenie komunikacyjne. Zapewniamy atrakcyjne warunki wsp\u00f3\u0142pracy.\",\"breadcrumb\":{\"@id\":\"https:\/\/superagenci.com.pl\/pakiety-zdrowotne\/#breadcrumb\"},\"inLanguage\":\"uk\",\"potentialAction\":[{\"@type\":\"ReadAction\",\"target\":[\"https:\/\/superagenci.com.pl\/pakiety-zdrowotne\/\"]}]},{\"@type\":\"BreadcrumbList\",\"@id\":\"https:\/\/superagenci.com.pl\/pakiety-zdrowotne\/#breadcrumb\",\"itemListElement\":[{\"@type\":\"ListItem\",\"position\":1,\"name\":\"Strona g\u0142\u00f3wna\",\"item\":\"https:\/\/superagenci.com.pl\/\"},{\"@type\":\"ListItem\",\"position\":2,\"name\":\"Pakiety zdrowotne\"}]},{\"@type\":\"WebSite\",\"@id\":\"https:\/\/superagenci.com.pl\/#website\",\"url\":\"https:\/\/superagenci.com.pl\/\",\"name\":\"SuperAgenci\",\"description\":\"Twoje ubezpieczenia\",\"publisher\":{\"@id\":\"https:\/\/superagenci.com.pl\/#organization\"},\"potentialAction\":[{\"@type\":\"SearchAction\",\"target\":{\"@type\":\"EntryPoint\",\"urlTemplate\":\"https:\/\/superagenci.com.pl\/?s={search_term_string}\"},\"query-input\":\"required name=search_term_string\"}],\"inLanguage\":\"uk\"},{\"@type\":\"Organization\",\"@id\":\"https:\/\/superagenci.com.pl\/#organization\",\"name\":\"SuperAgenci - Twoje ubezpieczenia\",\"url\":\"https:\/\/superagenci.com.pl\/\",\"logo\":{\"@type\":\"ImageObject\",\"inLanguage\":\"uk\",\"@id\":\"https:\/\/superagenci.com.pl\/#\/schema\/logo\/image\/\",\"url\":\"https:\/\/superagenci.com.pl\/wp-content\/uploads\/2022\/07\/Superagenci-logo-2.png\",\"contentUrl\":\"https:\/\/superagenci.com.pl\/wp-content\/uploads\/2022\/07\/Superagenci-logo-2.png\",\"width\":873,\"height\":882,\"caption\":\"SuperAgenci - Twoje ubezpieczenia\"},\"image\":{\"@id\":\"https:\/\/superagenci.com.pl\/#\/schema\/logo\/image\/\"},\"sameAs\":[\"https:\/\/www.facebook.com\/com.opole\",\"https:\/\/www.instagram.com\/superagenci\/\",\"https:\/\/www.tiktok.com\/@superagenci\"]}]}<\/script>\n<!-- \/ Yoast SEO plugin. -->","yoast_head_json":{"title":"Pakiety zdrowotne - Opole - SuperAgenci","description":"W\u015br\u00f3d oferty jak\u0105 zapewniamy naszym klientom znajduje si\u0119 mi\u0119dzy ubezpieczenie komunikacyjne. Zapewniamy atrakcyjne warunki wsp\u00f3\u0142pracy.","robots":{"index":"index","follow":"follow","max-snippet":"max-snippet:-1","max-image-preview":"max-image-preview:large","max-video-preview":"max-video-preview:-1"},"canonical":"https:\/\/superagenci.com.pl\/uk\/pakiety-zdrowotne\/","og_locale":"uk_UA","og_type":"article","og_title":"Pakiety zdrowotne - Opole - SuperAgenci","og_description":"W\u015br\u00f3d oferty jak\u0105 zapewniamy naszym klientom znajduje si\u0119 mi\u0119dzy ubezpieczenie komunikacyjne. Zapewniamy atrakcyjne warunki wsp\u00f3\u0142pracy.","og_url":"https:\/\/superagenci.com.pl\/uk\/pakiety-zdrowotne\/","og_site_name":"SuperAgenci","article_publisher":"https:\/\/www.facebook.com\/com.opole","article_modified_time":"2024-08-06T09:34:09+00:00","twitter_card":"summary_large_image","twitter_misc":{"\u041f\u0440\u0438\u0431\u043b. \u0447\u0430\u0441 \u0447\u0438\u0442\u0430\u043d\u043d\u044f":"4 \u0445\u0432\u0438\u043b\u0438\u043d\u0438"},"schema":{"@context":"https:\/\/schema.org","@graph":[{"@type":"WebPage","@id":"https:\/\/superagenci.com.pl\/pakiety-zdrowotne\/","url":"https:\/\/superagenci.com.pl\/pakiety-zdrowotne\/","name":"Pakiety zdrowotne - Opole - SuperAgenci","isPartOf":{"@id":"https:\/\/superagenci.com.pl\/#website"},"datePublished":"2024-04-18T10:18:30+00:00","dateModified":"2024-08-06T09:34:09+00:00","description":"W\u015br\u00f3d oferty jak\u0105 zapewniamy naszym klientom znajduje si\u0119 mi\u0119dzy ubezpieczenie komunikacyjne. Zapewniamy atrakcyjne warunki wsp\u00f3\u0142pracy.","breadcrumb":{"@id":"https:\/\/superagenci.com.pl\/pakiety-zdrowotne\/#breadcrumb"},"inLanguage":"uk","potentialAction":[{"@type":"ReadAction","target":["https:\/\/superagenci.com.pl\/pakiety-zdrowotne\/"]}]},{"@type":"BreadcrumbList","@id":"https:\/\/superagenci.com.pl\/pakiety-zdrowotne\/#breadcrumb","itemListElement":[{"@type":"ListItem","position":1,"name":"Strona g\u0142\u00f3wna","item":"https:\/\/superagenci.com.pl\/"},{"@type":"ListItem","position":2,"name":"Pakiety zdrowotne"}]},{"@type":"WebSite","@id":"https:\/\/superagenci.com.pl\/#website","url":"https:\/\/superagenci.com.pl\/","name":"SuperAgenci","description":"Twoje ubezpieczenia","publisher":{"@id":"https:\/\/superagenci.com.pl\/#organization"},"potentialAction":[{"@type":"SearchAction","target":{"@type":"EntryPoint","urlTemplate":"https:\/\/superagenci.com.pl\/?s={search_term_string}"},"query-input":"required name=search_term_string"}],"inLanguage":"uk"},{"@type":"Organization","@id":"https:\/\/superagenci.com.pl\/#organization","name":"SuperAgenci - Twoje ubezpieczenia","url":"https:\/\/superagenci.com.pl\/","logo":{"@type":"ImageObject","inLanguage":"uk","@id":"https:\/\/superagenci.com.pl\/#\/schema\/logo\/image\/","url":"https:\/\/superagenci.com.pl\/wp-content\/uploads\/2022\/07\/Superagenci-logo-2.png","contentUrl":"https:\/\/superagenci.com.pl\/wp-content\/uploads\/2022\/07\/Superagenci-logo-2.png","width":873,"height":882,"caption":"SuperAgenci - Twoje ubezpieczenia"},"image":{"@id":"https:\/\/superagenci.com.pl\/#\/schema\/logo\/image\/"},"sameAs":["https:\/\/www.facebook.com\/com.opole","https:\/\/www.instagram.com\/superagenci\/","https:\/\/www.tiktok.com\/@superagenci"]}]}},"_links":{"self":[{"href":"https:\/\/superagenci.com.pl\/uk\/wp-json\/wp\/v2\/pages\/111530","targetHints":{"allow":["GET"]}}],"collection":[{"href":"https:\/\/superagenci.com.pl\/uk\/wp-json\/wp\/v2\/pages"}],"about":[{"href":"https:\/\/superagenci.com.pl\/uk\/wp-json\/wp\/v2\/types\/page"}],"author":[{"embeddable":true,"href":"https:\/\/superagenci.com.pl\/uk\/wp-json\/wp\/v2\/users\/3"}],"replies":[{"embeddable":true,"href":"https:\/\/superagenci.com.pl\/uk\/wp-json\/wp\/v2\/comments?post=111530"}],"version-history":[{"count":1,"href":"https:\/\/superagenci.com.pl\/uk\/wp-json\/wp\/v2\/pages\/111530\/revisions"}],"predecessor-version":[{"id":111531,"href":"https:\/\/superagenci.com.pl\/uk\/wp-json\/wp\/v2\/pages\/111530\/revisions\/111531"}],"wp:attachment":[{"href":"https:\/\/superagenci.com.pl\/uk\/wp-json\/wp\/v2\/media?parent=111530"}],"curies":[{"name":"wp","href":"https:\/\/api.w.org\/{rel}","templated":true}]}}