{"id":111410,"date":"2023-11-14T13:27:10","date_gmt":"2023-11-14T12:27:10","guid":{"rendered":"https:\/\/superagenci.com.pl\/?page_id=111410"},"modified":"2024-04-02T13:53:54","modified_gmt":"2024-04-02T11:53:54","slug":"ubezpieczenia-majatkowe-opole","status":"publish","type":"page","link":"https:\/\/superagenci.com.pl\/uk\/ubezpieczenia-majatkowe-opole\/","title":{"rendered":"\u0421\u0442\u0440\u0430\u0445\u0443\u0432\u0430\u043d\u043d\u044f \u043c\u0430\u0439\u043d\u0430 \u2013 \u041e\u043f\u043e\u043b\u0435"},"content":{"rendered":"<p>\u042f\u043a\u0449\u043e \u0432\u0438 \u0445\u043e\u0447\u0435\u0442\u0435 \u0437\u0430\u0431\u0435\u0437\u043f\u0435\u0447\u0438\u0442\u0438 \u0441\u043f\u043e\u043a\u0456\u0439 \u0456 \u043a\u043e\u043c\u0444\u043e\u0440\u0442, \u0432\u0430\u0440\u0442\u043e \u043f\u043e\u0434\u0443\u043c\u0430\u0442\u0438 \u043f\u0440\u043e \u0437\u0430\u0445\u0438\u0441\u0442 \u0441\u0432\u043e\u0457\u0445 \u0430\u043a\u0442\u0438\u0432\u0456\u0432. \u041e\u043a\u0440\u0456\u043c \u0441\u0442\u0440\u0430\u0445\u0443\u0432\u0430\u043d\u043d\u044f \u043c\u0430\u0439\u043d\u0430 \u0447\u0438 \u0430\u0432\u0442\u043e\u043c\u043e\u0431\u0456\u043b\u044f, \u0432\u0430\u0440\u0442\u043e \u0442\u0430\u043a\u043e\u0436 \u043f\u043e\u0434\u0443\u043c\u0430\u0442\u0438 \u043f\u0440\u043e \u0441\u0442\u0440\u0430\u0445\u0443\u0432\u0430\u043d\u043d\u044f \u0446\u0438\u0432\u0456\u043b\u044c\u043d\u043e\u0457 \u0432\u0456\u0434\u043f\u043e\u0432\u0456\u0434\u0430\u043b\u044c\u043d\u043e\u0441\u0442\u0456 \u0434\u043b\u044f \u0441\u0435\u0431\u0435 \u0442\u0430 \u0441\u0432\u043e\u0457\u0445 \u0440\u0456\u0434\u043d\u0438\u0445, \u0449\u043e \u0434\u043e\u043f\u043e\u043c\u043e\u0436\u0435 \u0432\u0430\u043c \u0432\u0438\u0439\u0442\u0438 \u0437 \u0431\u0430\u0433\u0430\u0442\u044c\u043e\u0445 \u043d\u0435\u043f\u0440\u0438\u0454\u043c\u043d\u0438\u0445 \u0441\u0438\u0442\u0443\u0430\u0446\u0456\u0439. \u041d\u0430\u043f\u0440\u0438\u043a\u043b\u0430\u0434, \u0432\u0430\u0448 \u0441\u0438\u043d \u043f\u0456\u0434 \u0447\u0430\u0441 \u0433\u0440\u0438 \u0443 \u0444\u0443\u0442\u0431\u043e\u043b \u0440\u043e\u0437\u0431\u0438\u0432 \u0432\u0456\u043a\u043d\u043e \u0432 \u043c\u0430\u0448\u0438\u043d\u0456 \u0432\u0430\u0448\u043e\u0433\u043e \u0441\u0443\u0441\u0456\u0434\u0430 \u0430\u0431\u043e \u043f\u0435\u0440\u0435\u0445\u043e\u0436\u0438\u0439 \u0437\u043b\u0430\u043c\u0430\u0432 \u0441\u043e\u0431\u0456 \u043d\u043e\u0433\u0443 \u043d\u0430 \u0442\u0440\u043e\u0442\u0443\u0430\u0440\u0456 \u043f\u0435\u0440\u0435\u0434 \u0432\u0430\u0448\u0438\u043c \u043f\u043e\u043c\u0435\u0448\u043a\u0430\u043d\u043d\u044f\u043c. \u0412\u0456\u0434\u0432\u0456\u0434\u0430\u0439\u0442\u0435 \u043d\u0430\u0448 \u043e\u0444\u0456\u0441 \u0432 \u041e\u043f\u043e\u043b\u0435 \u0430\u0431\u043e \u0434\u043e\u043c\u043e\u0432\u0442\u0435\u0441\u044c \u043f\u0440\u043e \u0437\u0443\u0441\u0442\u0440\u0456\u0447 \u043e\u043d\u043b\u0430\u0439\u043d \u0430\u0431\u043e \u0437\u0430 \u0442\u0435\u043b\u0435\u0444\u043e\u043d\u043e\u043c, \u043d\u043e\u043c\u0435\u0440 \u044f\u043a\u043e\u0433\u043e \u043c\u043e\u0436\u043d\u0430 \u0437\u043d\u0430\u0439\u0442\u0438 \u043d\u0430 \u043d\u0430\u0448\u043e\u043c\u0443 \u0432\u0435\u0431-\u0441\u0430\u0439\u0442\u0456, \u0456 \u043c\u0438 \u0437 \u0440\u0430\u0434\u0456\u0441\u0442\u044e \u043f\u0456\u0434\u0431\u0435\u0440\u0435\u043c\u043e \u0456\u0434\u0435\u0430\u043b\u044c\u043d\u0443 \u043f\u0440\u043e\u043f\u043e\u0437\u0438\u0446\u0456\u044e \u0434\u043b\u044f \u0432\u0430\u0448\u0438\u0445 \u043f\u043e\u0442\u0440\u0435\u0431.<\/p>\n<h2 style=\"text-align:left;\">\u0421\u0442\u0440\u0430\u0445\u0443\u0432\u0430\u043d\u043d\u044f \u043c\u0430\u0439\u043d\u0430 \u0444\u0456\u0437\u0438\u0447\u043d\u0438\u0445 \u043e\u0441\u0456\u0431<\/h2>\n<p>\u041d\u0435 \u0432\u0441\u0456 \u0437\u043d\u0430\u044e\u0442\u044c, \u0449\u043e \u0441\u044c\u043e\u0433\u043e\u0434\u043d\u0456 \u0441\u0442\u0440\u0430\u0445\u0443\u0432\u0430\u043d\u043d\u044f \u0436\u0438\u0442\u043b\u0430 \u0442\u0430 \u043a\u0432\u0430\u0440\u0442\u0438\u0440\u0438 \u0437\u0430\u0445\u0438\u0449\u0430\u0454 \u043d\u0435 \u043b\u0438\u0448\u0435 \u0432\u0456\u0434 \u043f\u043e\u0436\u0435\u0436\u0456 \u0447\u0438 \u0437\u0430\u0442\u043e\u043f\u043b\u0435\u043d\u043d\u044f. \u041c\u0438 \u043c\u043e\u0436\u0435\u043c\u043e \u0440\u043e\u0437\u0448\u0438\u0440\u0438\u0442\u0438 \u0439\u043e\u0433\u043e \u0434\u043b\u044f \u0437\u0430\u0445\u0438\u0441\u0442\u0443 \u0440\u0443\u0445\u043e\u043c\u043e\u0433\u043e \u043c\u0430\u0439\u043d\u0430, \u043d\u0430\u043f\u0440\u0438\u043a\u043b\u0430\u0434 \u0435\u043b\u0435\u043a\u0442\u0440\u043e\u043d\u0456\u043a\u0438 \u0442\u0430 \u043f\u043e\u0431\u0443\u0442\u043e\u0432\u043e\u0457 \u0442\u0435\u0445\u043d\u0456\u043a\u0438, \u0430 \u0442\u0430\u043a\u043e\u0436 \u0456\u043d\u0448\u0438\u0445 \u0446\u0456\u043d\u043d\u0438\u0445 \u0435\u043b\u0435\u043c\u0435\u043d\u0442\u0456\u0432 \u0434\u0435\u043a\u043e\u0440\u0443, \u0442\u0430\u043a\u0438\u0445 \u044f\u043a \u043c\u0435\u0431\u043b\u0456 \u0447\u0438 \u0442\u0432\u043e\u0440\u0438 \u043c\u0438\u0441\u0442\u0435\u0446\u0442\u0432\u0430. \u0422\u0435\u043f\u0435\u0440 \u0432\u0438 \u043c\u043e\u0436\u0435\u0442\u0435 \u043f\u043e\u0457\u0445\u0430\u0442\u0438 \u0443 \u0432\u0456\u0434\u043f\u0443\u0441\u0442\u043a\u0443 \u0430\u0431\u043e \u0432\u0456\u0434\u0432\u0456\u0434\u0430\u0442\u0438 \u0441\u0456\u043c\u2019\u044e, \u043d\u0435 \u0445\u0432\u0438\u043b\u044e\u044e\u0447\u0438\u0441\u044c, \u0449\u043e \u0432\u0430\u0448\u0435 \u043c\u0430\u0439\u043d\u043e \u0441\u0442\u0430\u043d\u0435 \u0436\u0435\u0440\u0442\u0432\u043e\u044e \u0437\u043b\u043e\u0434\u0456\u0457\u0432. \u041f\u0430\u043c\u2019\u044f\u0442\u0430\u0439\u0442\u0435, \u043e\u0434\u043d\u0430\u043a, \u0449\u043e \u0434\u0435\u044f\u043a\u0456 \u0441\u0442\u0440\u0430\u0445\u043e\u0432\u0438\u043a\u0438 \u043f\u043e\u043d\u0430\u0434 \u043f\u0435\u0432\u043d\u0443 \u0441\u0443\u043c\u0443 \u043c\u043e\u0436\u0443\u0442\u044c \u0432\u0438\u043c\u0430\u0433\u0430\u0442\u0438 \u0432\u0441\u0442\u0430\u043d\u043e\u0432\u043b\u0435\u043d\u043d\u044f \u0441\u0438\u0433\u043d\u0430\u043b\u0456\u0437\u0430\u0446\u0456\u0457 \u0430\u0431\u043e \u0437\u0430\u043c\u043a\u0456\u0432 \u0456\u0437 \u043f\u0435\u0432\u043d\u0438\u043c\u0438 \u043f\u0430\u0440\u0430\u043c\u0435\u0442\u0440\u0430\u043c\u0438. \u0412\u0441\u0435 \u043f\u0440\u043e \u0446\u0435 \u043c\u0438 \u0440\u043e\u0437\u043f\u043e\u0432\u0456\u043c\u043e \u043f\u0456\u0434 \u0447\u0430\u0441 \u0437\u0443\u0441\u0442\u0440\u0456\u0447\u0456, \u0442\u043e\u043c\u0443 \u043d\u0435 \u0437\u0432\u043e\u043b\u0456\u043a\u0430\u0439\u0442\u0435, \u043f\u0440\u043e\u0441\u0442\u043e \u0437\u0432\u2019\u044f\u0436\u0456\u0442\u044c\u0441\u044f \u0437 \u043d\u0430\u043c\u0438 \u044f\u043a\u043d\u0430\u0439\u0448\u0432\u0438\u0434\u0448\u0435.<\/p>\n<h2 style=\"text-align:left;\">\u041a\u043e\u043c\u043f\u043b\u0435\u043a\u0441\u043d\u0430 \u043f\u043e\u043b\u0456\u0442\u0438\u043a\u0430 \u043d\u0435\u0440\u0443\u0445\u043e\u043c\u043e\u0441\u0442\u0456 \u0434\u043b\u044f \u043a\u043e\u043c\u043f\u0430\u043d\u0456\u0439 \u0432 \u041e\u043f\u043e\u043b\u0435<\/h2>\n<p>\u0421\u0442\u0440\u0430\u0445\u043e\u0432\u0438\u0439 \u0437\u0430\u0445\u0438\u0441\u0442 \u0454 \u0441\u0442\u0430\u043d\u0434\u0430\u0440\u0442\u043e\u043c \u0441\u0443\u0447\u0430\u0441\u043d\u043e\u0433\u043e \u0431\u0456\u0437\u043d\u0435\u0441\u0443. \u042f\u043a\u0449\u043e \u0432\u0438 \u0437\u0430\u0441\u0442\u0440\u0430\u0445\u0443\u0432\u0430\u043b\u0438 \u0441\u0432\u043e\u0457 \u0442\u0440\u0430\u043d\u0441\u043f\u043e\u0440\u0442\u043d\u0456 \u0437\u0430\u0441\u043e\u0431\u0438, \u043d\u0435 \u0437\u0430\u0431\u0443\u0434\u044c\u0442\u0435 \u0437\u0430\u0445\u0438\u0441\u0442\u0438\u0442\u0438 \u0441\u0432\u043e\u044e \u0442\u0435\u0445\u043d\u0456\u043a\u0443 \u0442\u0430 \u043a\u043e\u043c\u043f\u2019\u044e\u0442\u0435\u0440\u043d\u0435 \u043e\u0431\u043b\u0430\u0434\u043d\u0430\u043d\u043d\u044f. \u041c\u0438 \u0431\u0443\u0434\u0435\u043c\u043e \u0440\u0430\u0434\u0456 \u043d\u0430\u0434\u0430\u0442\u0438 \u0412\u0430\u043c \u043a\u043e\u043c\u043f\u043b\u0435\u043a\u0441\u043d\u0438\u0439 \u0437\u0430\u0445\u0438\u0441\u0442 \u0434\u043b\u044f \u0432\u0441\u044c\u043e\u0433\u043e \u043f\u0456\u0434\u043f\u0440\u0438\u0454\u043c\u0441\u0442\u0432\u0430. \u041e\u0431\u0438\u0440\u0430\u044e\u0447\u0438 \u0431\u0456\u043b\u044c\u0448\u0438\u0439 \u043f\u0430\u043a\u0435\u0442, \u0432\u0438 \u0433\u0430\u0440\u0430\u043d\u0442\u043e\u0432\u0430\u043d\u043e \u043e\u0442\u0440\u0438\u043c\u0443\u0454\u0442\u0435 \u0437\u043d\u0438\u0436\u043a\u0438, \u0430 \u0442\u0430\u043a\u043e\u0436 \u043c\u0430\u0454\u0442\u0435 \u043c\u043e\u0436\u043b\u0438\u0432\u0456\u0441\u0442\u044c \u0434\u043e\u043f\u043e\u0432\u043d\u0438\u0442\u0438 \u043f\u0440\u043e\u043f\u043e\u0437\u0438\u0446\u0456\u044e \u0456\u043d\u0434\u0438\u0432\u0456\u0434\u0443\u0430\u043b\u044c\u043d\u043e \u043f\u0456\u0434\u0456\u0431\u0440\u0430\u043d\u043e\u044e \u043f\u0440\u043e\u043f\u043e\u0437\u0438\u0446\u0456\u0454\u044e \u0434\u043b\u044f \u0441\u0435\u0431\u0435 \u0442\u0430 \u0441\u0432\u043e\u0457\u0445 \u0431\u043b\u0438\u0437\u044c\u043a\u0438\u0445 \u0437\u0430 \u0432\u0456\u0434\u043c\u0456\u043d\u043d\u043e\u044e \u0446\u0456\u043d\u043e\u044e.<\/p>\n<p>\u041d\u0435 \u0437\u0430\u0431\u0443\u0432\u0430\u0439\u0442\u0435 \u043f\u0440\u043e \u0441\u043f\u0456\u0432\u0440\u043e\u0431\u0456\u0442\u043d\u0438\u043a\u0456\u0432 \u2013 \u0434\u043b\u044f \u043d\u0438\u0445 \u043c\u0438 \u0442\u0430\u043a\u043e\u0436 \u043c\u043e\u0436\u0435\u043c\u043e \u0441\u0442\u0432\u043e\u0440\u0438\u0442\u0438 \u0441\u043f\u0435\u0446\u0456\u0430\u043b\u044c\u043d\u0456 \u043f\u0430\u043a\u0435\u0442\u0438 \u0434\u043b\u044f \u0432\u043b\u0430\u0441\u043d\u0438\u0445 \u043f\u043e\u0442\u0440\u0435\u0431, \u0449\u043e \u0441\u0442\u0430\u043d\u0435 \u0434\u043e\u0434\u0430\u0442\u043a\u043e\u0432\u043e\u044e \u043f\u0435\u0440\u0435\u0432\u0430\u0433\u043e\u044e, \u043f\u0456\u0434\u0432\u0438\u0449\u0443\u044e\u0447\u0438 \u0412\u0430\u0448 \u043f\u0440\u0435\u0441\u0442\u0438\u0436 \u044f\u043a \u0445\u043e\u0440\u043e\u0448\u043e\u0433\u043e \u0440\u043e\u0431\u043e\u0442\u043e\u0434\u0430\u0432\u0446\u044f. \u041f\u0430\u043c\u2019\u044f\u0442\u0430\u0439\u0442\u0435, \u0449\u043e \u044f\u043a\u0449\u043e \u0432\u0438 \u0432\u0438\u043a\u043e\u0440\u0438\u0441\u0442\u043e\u0432\u0443\u0454\u0442\u0435 \u0431\u0456\u043b\u044c\u0448\u0435 \u043f\u0440\u043e\u0434\u0443\u043a\u0442\u0456\u0432 \u0456\u0437 \u043d\u0430\u0448\u043e\u0457 \u043f\u0440\u043e\u043f\u043e\u0437\u0438\u0446\u0456\u0457, \u043e\u043a\u0440\u0456\u043c \u0430\u0434\u0430\u043f\u0442\u0430\u0446\u0456\u0457 \u0437\u0430\u0445\u0438\u0441\u0442\u0443 \u0434\u043e \u0432\u0430\u0448\u0438\u0445 \u0456\u043d\u0434\u0438\u0432\u0456\u0434\u0443\u0430\u043b\u044c\u043d\u0438\u0445 \u043f\u043e\u0442\u0440\u0435\u0431, \u043c\u0438 \u0437\u0430\u043f\u0440\u043e\u043f\u043e\u043d\u0443\u0454\u043c\u043e \u0432\u0430\u043c \u043d\u0430\u0439\u043a\u0440\u0430\u0449\u0456 \u0446\u0456\u043d\u0438. \u0417\u0430\u043f\u0440\u043e\u0448\u0443\u0454\u043c\u043e \u0432\u0430\u0441 \u0434\u043e \u0441\u043f\u0456\u043b\u043a\u0443\u0432\u0430\u043d\u043d\u044f \u043e\u043d\u043b\u0430\u0439\u043d \u0430\u0431\u043e \u0432\u0456\u0434\u0432\u0456\u0434\u0430\u0439\u0442\u0435 \u043d\u0430\u0448 \u043e\u0444\u0456\u0441 \u0432 \u041e\u043f\u043e\u043b\u0435, \u0434\u0435 \u0437\u0430 \u0447\u0430\u0448\u043a\u043e\u044e \u0445\u043e\u0440\u043e\u0448\u043e\u0457 \u043a\u0430\u0432\u0438 \u043c\u0438 \u043f\u0440\u0435\u0434\u0441\u0442\u0430\u0432\u0438\u043c\u043e \u0432\u0430\u043c \u043d\u0430\u0439\u043a\u0440\u0430\u0449\u0456 \u043c\u043e\u0436\u043b\u0438\u0432\u0456 \u0440\u0456\u0448\u0435\u043d\u043d\u044f.<\/p>\n<hr \/>","protected":false},"excerpt":{"rendered":"<p>Je\u015bli chcesz zapewni\u0107 sobie spok\u00f3j i komfort, powiniene\u015b pomy\u015ble\u0107 o ochronie swojego maj\u0105tku. Opr\u00f3cz polisy na nieruchomo\u015b\u0107 czy samoch\u00f3d warto [&hellip;]<\/p>","protected":false},"author":3,"featured_media":0,"parent":0,"menu_order":0,"comment_status":"closed","ping_status":"closed","template":"","meta":{"footnotes":""},"class_list":["post-111410","page","type-page","status-publish","hentry"],"yoast_head":"<!-- This site is optimized with the Yoast SEO plugin v23.2 - https:\/\/yoast.com\/wordpress\/plugins\/seo\/ -->\n<title>Ubezpieczenia maj\u0105tkowe - Opole - SuperAgenci<\/title>\n<meta name=\"description\" content=\"Je\u015bli chcesz zapewni\u0107 sobie spok\u00f3j i komfort, powiniene\u015b pomy\u015ble\u0107 o ochronie swojego maj\u0105tku. Opr\u00f3cz polisy na nieruchomo\u015b\u0107 czy samoch\u00f3d warto r\u00f3wnie\u017c zadba\u0107 o ubezpieczenia maj\u0105tku.\" \/>\n<meta name=\"robots\" content=\"index, follow, max-snippet:-1, max-image-preview:large, max-video-preview:-1\" \/>\n<link rel=\"canonical\" href=\"https:\/\/superagenci.com.pl\/uk\/ubezpieczenia-majatkowe-opole\/\" \/>\n<meta property=\"og:locale\" content=\"uk_UA\" \/>\n<meta property=\"og:type\" content=\"article\" \/>\n<meta property=\"og:title\" content=\"Ubezpieczenia maj\u0105tkowe - Opole - SuperAgenci\" \/>\n<meta property=\"og:description\" content=\"Je\u015bli chcesz zapewni\u0107 sobie spok\u00f3j i komfort, powiniene\u015b pomy\u015ble\u0107 o ochronie swojego maj\u0105tku. Opr\u00f3cz polisy na nieruchomo\u015b\u0107 czy samoch\u00f3d warto r\u00f3wnie\u017c zadba\u0107 o ubezpieczenia maj\u0105tku.\" \/>\n<meta property=\"og:url\" content=\"https:\/\/superagenci.com.pl\/uk\/ubezpieczenia-majatkowe-opole\/\" \/>\n<meta property=\"og:site_name\" content=\"SuperAgenci\" \/>\n<meta property=\"article:publisher\" content=\"https:\/\/www.facebook.com\/com.opole\" \/>\n<meta property=\"article:modified_time\" content=\"2024-04-02T11:53:54+00:00\" \/>\n<meta name=\"twitter:card\" content=\"summary_large_image\" \/>\n<meta name=\"twitter:label1\" content=\"\u041f\u0440\u0438\u0431\u043b. \u0447\u0430\u0441 \u0447\u0438\u0442\u0430\u043d\u043d\u044f\" \/>\n\t<meta name=\"twitter:data1\" content=\"2 \u0445\u0432\u0438\u043b\u0438\u043d\u0438\" \/>\n<script type=\"application\/ld+json\" class=\"yoast-schema-graph\">{\"@context\":\"https:\/\/schema.org\",\"@graph\":[{\"@type\":\"WebPage\",\"@id\":\"https:\/\/superagenci.com.pl\/ubezpieczenia-majatkowe-opole\/\",\"url\":\"https:\/\/superagenci.com.pl\/ubezpieczenia-majatkowe-opole\/\",\"name\":\"Ubezpieczenia maj\u0105tkowe - Opole - SuperAgenci\",\"isPartOf\":{\"@id\":\"https:\/\/superagenci.com.pl\/#website\"},\"datePublished\":\"2023-11-14T12:27:10+00:00\",\"dateModified\":\"2024-04-02T11:53:54+00:00\",\"description\":\"Je\u015bli chcesz zapewni\u0107 sobie spok\u00f3j i komfort, powiniene\u015b pomy\u015ble\u0107 o ochronie swojego maj\u0105tku. Opr\u00f3cz polisy na nieruchomo\u015b\u0107 czy samoch\u00f3d warto r\u00f3wnie\u017c zadba\u0107 o ubezpieczenia maj\u0105tku.\",\"breadcrumb\":{\"@id\":\"https:\/\/superagenci.com.pl\/ubezpieczenia-majatkowe-opole\/#breadcrumb\"},\"inLanguage\":\"uk\",\"potentialAction\":[{\"@type\":\"ReadAction\",\"target\":[\"https:\/\/superagenci.com.pl\/ubezpieczenia-majatkowe-opole\/\"]}]},{\"@type\":\"BreadcrumbList\",\"@id\":\"https:\/\/superagenci.com.pl\/ubezpieczenia-majatkowe-opole\/#breadcrumb\",\"itemListElement\":[{\"@type\":\"ListItem\",\"position\":1,\"name\":\"Strona g\u0142\u00f3wna\",\"item\":\"https:\/\/superagenci.com.pl\/\"},{\"@type\":\"ListItem\",\"position\":2,\"name\":\"Ubezpieczenia maj\u0105tkowe &#8211; Opole\"}]},{\"@type\":\"WebSite\",\"@id\":\"https:\/\/superagenci.com.pl\/#website\",\"url\":\"https:\/\/superagenci.com.pl\/\",\"name\":\"SuperAgenci\",\"description\":\"Twoje ubezpieczenia\",\"publisher\":{\"@id\":\"https:\/\/superagenci.com.pl\/#organization\"},\"potentialAction\":[{\"@type\":\"SearchAction\",\"target\":{\"@type\":\"EntryPoint\",\"urlTemplate\":\"https:\/\/superagenci.com.pl\/?s={search_term_string}\"},\"query-input\":\"required name=search_term_string\"}],\"inLanguage\":\"uk\"},{\"@type\":\"Organization\",\"@id\":\"https:\/\/superagenci.com.pl\/#organization\",\"name\":\"SuperAgenci - Twoje ubezpieczenia\",\"url\":\"https:\/\/superagenci.com.pl\/\",\"logo\":{\"@type\":\"ImageObject\",\"inLanguage\":\"uk\",\"@id\":\"https:\/\/superagenci.com.pl\/#\/schema\/logo\/image\/\",\"url\":\"https:\/\/superagenci.com.pl\/wp-content\/uploads\/2022\/07\/Superagenci-logo-2.png\",\"contentUrl\":\"https:\/\/superagenci.com.pl\/wp-content\/uploads\/2022\/07\/Superagenci-logo-2.png\",\"width\":873,\"height\":882,\"caption\":\"SuperAgenci - Twoje ubezpieczenia\"},\"image\":{\"@id\":\"https:\/\/superagenci.com.pl\/#\/schema\/logo\/image\/\"},\"sameAs\":[\"https:\/\/www.facebook.com\/com.opole\",\"https:\/\/www.instagram.com\/superagenci\/\",\"https:\/\/www.tiktok.com\/@superagenci\"]}]}<\/script>\n<!-- \/ Yoast SEO plugin. -->","yoast_head_json":{"title":"Ubezpieczenia maj\u0105tkowe - Opole - SuperAgenci","description":"Je\u015bli chcesz zapewni\u0107 sobie spok\u00f3j i komfort, powiniene\u015b pomy\u015ble\u0107 o ochronie swojego maj\u0105tku. Opr\u00f3cz polisy na nieruchomo\u015b\u0107 czy samoch\u00f3d warto r\u00f3wnie\u017c zadba\u0107 o ubezpieczenia maj\u0105tku.","robots":{"index":"index","follow":"follow","max-snippet":"max-snippet:-1","max-image-preview":"max-image-preview:large","max-video-preview":"max-video-preview:-1"},"canonical":"https:\/\/superagenci.com.pl\/uk\/ubezpieczenia-majatkowe-opole\/","og_locale":"uk_UA","og_type":"article","og_title":"Ubezpieczenia maj\u0105tkowe - Opole - SuperAgenci","og_description":"Je\u015bli chcesz zapewni\u0107 sobie spok\u00f3j i komfort, powiniene\u015b pomy\u015ble\u0107 o ochronie swojego maj\u0105tku. Opr\u00f3cz polisy na nieruchomo\u015b\u0107 czy samoch\u00f3d warto r\u00f3wnie\u017c zadba\u0107 o ubezpieczenia maj\u0105tku.","og_url":"https:\/\/superagenci.com.pl\/uk\/ubezpieczenia-majatkowe-opole\/","og_site_name":"SuperAgenci","article_publisher":"https:\/\/www.facebook.com\/com.opole","article_modified_time":"2024-04-02T11:53:54+00:00","twitter_card":"summary_large_image","twitter_misc":{"\u041f\u0440\u0438\u0431\u043b. \u0447\u0430\u0441 \u0447\u0438\u0442\u0430\u043d\u043d\u044f":"2 \u0445\u0432\u0438\u043b\u0438\u043d\u0438"},"schema":{"@context":"https:\/\/schema.org","@graph":[{"@type":"WebPage","@id":"https:\/\/superagenci.com.pl\/ubezpieczenia-majatkowe-opole\/","url":"https:\/\/superagenci.com.pl\/ubezpieczenia-majatkowe-opole\/","name":"Ubezpieczenia maj\u0105tkowe - Opole - SuperAgenci","isPartOf":{"@id":"https:\/\/superagenci.com.pl\/#website"},"datePublished":"2023-11-14T12:27:10+00:00","dateModified":"2024-04-02T11:53:54+00:00","description":"Je\u015bli chcesz zapewni\u0107 sobie spok\u00f3j i komfort, powiniene\u015b pomy\u015ble\u0107 o ochronie swojego maj\u0105tku. Opr\u00f3cz polisy na nieruchomo\u015b\u0107 czy samoch\u00f3d warto r\u00f3wnie\u017c zadba\u0107 o ubezpieczenia maj\u0105tku.","breadcrumb":{"@id":"https:\/\/superagenci.com.pl\/ubezpieczenia-majatkowe-opole\/#breadcrumb"},"inLanguage":"uk","potentialAction":[{"@type":"ReadAction","target":["https:\/\/superagenci.com.pl\/ubezpieczenia-majatkowe-opole\/"]}]},{"@type":"BreadcrumbList","@id":"https:\/\/superagenci.com.pl\/ubezpieczenia-majatkowe-opole\/#breadcrumb","itemListElement":[{"@type":"ListItem","position":1,"name":"Strona g\u0142\u00f3wna","item":"https:\/\/superagenci.com.pl\/"},{"@type":"ListItem","position":2,"name":"Ubezpieczenia maj\u0105tkowe &#8211; Opole"}]},{"@type":"WebSite","@id":"https:\/\/superagenci.com.pl\/#website","url":"https:\/\/superagenci.com.pl\/","name":"SuperAgenci","description":"Twoje ubezpieczenia","publisher":{"@id":"https:\/\/superagenci.com.pl\/#organization"},"potentialAction":[{"@type":"SearchAction","target":{"@type":"EntryPoint","urlTemplate":"https:\/\/superagenci.com.pl\/?s={search_term_string}"},"query-input":"required name=search_term_string"}],"inLanguage":"uk"},{"@type":"Organization","@id":"https:\/\/superagenci.com.pl\/#organization","name":"SuperAgenci - Twoje ubezpieczenia","url":"https:\/\/superagenci.com.pl\/","logo":{"@type":"ImageObject","inLanguage":"uk","@id":"https:\/\/superagenci.com.pl\/#\/schema\/logo\/image\/","url":"https:\/\/superagenci.com.pl\/wp-content\/uploads\/2022\/07\/Superagenci-logo-2.png","contentUrl":"https:\/\/superagenci.com.pl\/wp-content\/uploads\/2022\/07\/Superagenci-logo-2.png","width":873,"height":882,"caption":"SuperAgenci - Twoje ubezpieczenia"},"image":{"@id":"https:\/\/superagenci.com.pl\/#\/schema\/logo\/image\/"},"sameAs":["https:\/\/www.facebook.com\/com.opole","https:\/\/www.instagram.com\/superagenci\/","https:\/\/www.tiktok.com\/@superagenci"]}]}},"_links":{"self":[{"href":"https:\/\/superagenci.com.pl\/uk\/wp-json\/wp\/v2\/pages\/111410","targetHints":{"allow":["GET"]}}],"collection":[{"href":"https:\/\/superagenci.com.pl\/uk\/wp-json\/wp\/v2\/pages"}],"about":[{"href":"https:\/\/superagenci.com.pl\/uk\/wp-json\/wp\/v2\/types\/page"}],"author":[{"embeddable":true,"href":"https:\/\/superagenci.com.pl\/uk\/wp-json\/wp\/v2\/users\/3"}],"replies":[{"embeddable":true,"href":"https:\/\/superagenci.com.pl\/uk\/wp-json\/wp\/v2\/comments?post=111410"}],"version-history":[{"count":3,"href":"https:\/\/superagenci.com.pl\/uk\/wp-json\/wp\/v2\/pages\/111410\/revisions"}],"predecessor-version":[{"id":111527,"href":"https:\/\/superagenci.com.pl\/uk\/wp-json\/wp\/v2\/pages\/111410\/revisions\/111527"}],"wp:attachment":[{"href":"https:\/\/superagenci.com.pl\/uk\/wp-json\/wp\/v2\/media?parent=111410"}],"curies":[{"name":"wp","href":"https:\/\/api.w.org\/{rel}","templated":true}]}}